{"id":2,"date":"2024-09-12T22:16:09","date_gmt":"2024-09-12T20:16:09","guid":{"rendered":"http:\/\/mpietzka.hak-digital.at\/?page_id=2"},"modified":"2024-09-27T12:40:03","modified_gmt":"2024-09-27T10:40:03","slug":"beispiel-seite","status":"publish","type":"page","link":"https:\/\/mpietzka.hak-digital.at\/","title":{"rendered":"Missgl\u00fcckte Fotos retten"},"content":{"rendered":"\n<p>Ein ungew\u00f6hnliches Format hat schon viele missgl\u00fcckte Fotos vor dem Papierkorb bewahrt.<\/p>\n\n\n\n<p class=\"has-accent-3-color has-base-2-background-color has-text-color has-background has-link-color has-medium-font-size wp-elements-bbd397ee74ef1c6622bc549825194af9\">Probieren Sie es einmal mit ungew\u00f6hnlichen Proportionen, wenn das Blog-Layout es <\/p>\n\n\n\n<figure class=\"wp-block-image size-large has-custom-border is-style-rounded wp-duotone-duotone-3 is-style-rounded--1\"><img loading=\"lazy\" decoding=\"async\" width=\"771\" height=\"1024\" src=\"https:\/\/mpietzka.hak-digital.at\/wp-content\/uploads\/2024\/09\/Design-771x1024.png\" alt=\"Save the date\n\" class=\"wp-image-13\" style=\"border-width:67px;border-radius:71px;aspect-ratio:1;object-fit:cover\" srcset=\"https:\/\/mpietzka.hak-digital.at\/wp-content\/uploads\/2024\/09\/Design-771x1024.png 771w, https:\/\/mpietzka.hak-digital.at\/wp-content\/uploads\/2024\/09\/Design-226x300.png 226w, https:\/\/mpietzka.hak-digital.at\/wp-content\/uploads\/2024\/09\/Design-768x1020.png 768w, https:\/\/mpietzka.hak-digital.at\/wp-content\/uploads\/2024\/09\/Design.png 944w\" sizes=\"auto, (max-width: 771px) 100vw, 771px\" \/><\/figure>\n\n\n\n<p>Wir freuen uns, auch dich begr\u00fc\u00dfen zu d\u00fcrfen.<\/p>\n\n\n\n<figure class=\"wp-block-gallery has-nested-images columns-default is-cropped wp-block-gallery-2 is-layout-flex wp-block-gallery-is-layout-flex\"><\/figure>\n\n\n\nngg_shortcode_0_placeholder\n","protected":false},"excerpt":{"rendered":"<p>Ein ungew\u00f6hnliches Format hat schon viele missgl\u00fcckte Fotos vor dem Papierkorb bewahrt. Probieren Sie es einmal mit ungew\u00f6hnlichen Proportionen, wenn das Blog-Layout es Wir freuen uns, auch dich begr\u00fc\u00dfen zu d\u00fcrfen.<\/p>\n","protected":false},"author":1,"featured_media":0,"parent":0,"menu_order":0,"comment_status":"closed","ping_status":"open","template":"","meta":{"ngg_post_thumbnail":0,"footnotes":""},"class_list":["post-2","page","type-page","status-publish","hentry"],"_links":{"self":[{"href":"https:\/\/mpietzka.hak-digital.at\/index.php?rest_route=\/wp\/v2\/pages\/2","targetHints":{"allow":["GET"]}}],"collection":[{"href":"https:\/\/mpietzka.hak-digital.at\/index.php?rest_route=\/wp\/v2\/pages"}],"about":[{"href":"https:\/\/mpietzka.hak-digital.at\/index.php?rest_route=\/wp\/v2\/types\/page"}],"author":[{"embeddable":true,"href":"https:\/\/mpietzka.hak-digital.at\/index.php?rest_route=\/wp\/v2\/users\/1"}],"replies":[{"embeddable":true,"href":"https:\/\/mpietzka.hak-digital.at\/index.php?rest_route=%2Fwp%2Fv2%2Fcomments&post=2"}],"version-history":[{"count":5,"href":"https:\/\/mpietzka.hak-digital.at\/index.php?rest_route=\/wp\/v2\/pages\/2\/revisions"}],"predecessor-version":[{"id":30,"href":"https:\/\/mpietzka.hak-digital.at\/index.php?rest_route=\/wp\/v2\/pages\/2\/revisions\/30"}],"wp:attachment":[{"href":"https:\/\/mpietzka.hak-digital.at\/index.php?rest_route=%2Fwp%2Fv2%2Fmedia&parent=2"}],"curies":[{"name":"wp","href":"https:\/\/api.w.org\/{rel}","templated":true}]}}